{"id":33,"date":"2019-07-03T17:22:48","date_gmt":"2019-07-03T15:22:48","guid":{"rendered":"http:\/\/bluehouse.fr\/JB6\/cppa\/?page_id=33"},"modified":"2019-07-03T17:22:48","modified_gmt":"2019-07-03T15:22:48","slug":"psychologie-positive","status":"publish","type":"page","link":"https:\/\/bluehouse.fr\/JB6\/cppa\/psychologie-positive\/","title":{"rendered":"PSYCHOLOGIE POSITIVE"},"content":{"rendered":"<p>[et_pb_section admin_label=\u00a0\u00bbSection\u00a0\u00bb fullwidth=\u00a0\u00bboff\u00a0\u00bb specialty=\u00a0\u00bboff\u00a0\u00bb][et_pb_row admin_label=\u00a0\u00bbLigne\u00a0\u00bb][et_pb_column type=\u00a0\u00bb4_4&Prime;][et_pb_text admin_label=\u00a0\u00bbTexte\u00a0\u00bb background_layout=\u00a0\u00bblight\u00a0\u00bb text_orientation=\u00a0\u00bbleft\u00a0\u00bb use_border_color=\u00a0\u00bboff\u00a0\u00bb border_color=\u00a0\u00bb#ffffff\u00a0\u00bb border_style=\u00a0\u00bbsolid\u00a0\u00bb header_font_size_last_edited=\u00a0\u00bbon|phone\u00a0\u00bb header_font_size_phone=\u00a0\u00bb22px\u00a0\u00bb]<\/p>\n<h1>PSYCHOLOGIE POSITIVE<\/h1>\n<p>[\/et_pb_text][et_pb_divider admin_label=\u00a0\u00bbS\u00e9parateur\u00a0\u00bb color=\u00a0\u00bb#000000&Prime; show_divider=\u00a0\u00bbon\u00a0\u00bb divider_style=\u00a0\u00bbsolid\u00a0\u00bb divider_position=\u00a0\u00bbtop\u00a0\u00bb hide_on_mobile=\u00a0\u00bbon\u00a0\u00bb disabled=\u00a0\u00bboff\u00a0\u00bb disabled_on=\u00a0\u00bbon|on|\u00a0\u00bb]<br \/>\n[\/et_pb_divider][et_pb_text admin_label=\u00a0\u00bbtrait iph\u00a0\u00bb background_layout=\u00a0\u00bblight\u00a0\u00bb text_orientation=\u00a0\u00bbleft\u00a0\u00bb use_border_color=\u00a0\u00bboff\u00a0\u00bb border_color=\u00a0\u00bb#ffffff\u00a0\u00bb border_style=\u00a0\u00bbsolid\u00a0\u00bb disabled=\u00a0\u00bboff\u00a0\u00bb disabled_on=\u00a0\u00bb||on\u00a0\u00bb]<\/p>\n<hr \/>\n<p>&nbsp;<\/p>\n<p>[\/et_pb_text][\/et_pb_column][\/et_pb_row][\/et_pb_section][et_pb_section admin_label=\u00a0\u00bbSection\u00a0\u00bb fullwidth=\u00a0\u00bboff\u00a0\u00bb specialty=\u00a0\u00bboff\u00a0\u00bb][et_pb_row admin_label=\u00a0\u00bbLigne\u00a0\u00bb make_fullwidth=\u00a0\u00bboff\u00a0\u00bb use_custom_width=\u00a0\u00bboff\u00a0\u00bb width_unit=\u00a0\u00bbon\u00a0\u00bb use_custom_gutter=\u00a0\u00bboff\u00a0\u00bb padding_mobile=\u00a0\u00bboff\u00a0\u00bb custom_margin=\u00a0\u00bb-100px|||\u00a0\u00bb allow_player_pause=\u00a0\u00bboff\u00a0\u00bb parallax=\u00a0\u00bboff\u00a0\u00bb parallax_method=\u00a0\u00bboff\u00a0\u00bb make_equal=\u00a0\u00bboff\u00a0\u00bb parallax_1=\u00a0\u00bboff\u00a0\u00bb parallax_method_1=\u00a0\u00bboff\u00a0\u00bb parallax_2=\u00a0\u00bboff\u00a0\u00bb parallax_method_2=\u00a0\u00bboff\u00a0\u00bb column_padding_mobile=\u00a0\u00bbon\u00a0\u00bb][et_pb_column type=\u00a0\u00bb2_3&Prime;][et_pb_text admin_label=\u00a0\u00bbTexte\u00a0\u00bb background_layout=\u00a0\u00bblight\u00a0\u00bb text_orientation=\u00a0\u00bbleft\u00a0\u00bb use_border_color=\u00a0\u00bboff\u00a0\u00bb border_color=\u00a0\u00bb#ffffff\u00a0\u00bb border_style=\u00a0\u00bbsolid\u00a0\u00bb custom_margin=\u00a0\u00bb-40px|||\u00a0\u00bb]<\/p>\n<p>La <span style=\"color: #2174a5;\">Psychologie Positive<\/span> est n\u00e9e en 1998 aux \u00c9tats-Unis.<\/p>\n<p>Elle a \u00e9t\u00e9 cr\u00e9\u00e9e par le Professeur Martin Seligmann. Celui-ci apr\u00e8s avoir longtemps \u00e9tudi\u00e9 le mod\u00e8le de la d\u00e9pression s\u2019int\u00e9ressa au c\u00f4t\u00e9 positif de l&rsquo;individu. Il conceptualisa alors la notion d&rsquo;optimisme. Plus tard avec Christopher Peterson vint la notion de force de caract\u00e8re et de valeurs qui fut une d\u00e9couverte d\u00e9terminante en mati\u00e8re de psychologie.<\/p>\n<p>Sur un plan clinique la<span style=\"color: #2174a5;\"> Psychologie Positive<\/span> est tr\u00e8s utile dans le cadre de la pr\u00e9vention de la rechute (d\u00e9pression, anxi\u00e9t\u00e9) et dans le cadre du renforcement psychologique qui permet \u00e0 un individu de monter son niveau de <span style=\"color: #2174a5;\">r\u00e9silience<\/span> (aptitude \u00e0 rebondir apr\u00e8s une \u00e9preuve).<\/p>\n<p>Les principaux domaines dans lesquels la <span style=\"color: #2174a5;\">Psychologie Positive<\/span> intervient sont :<\/p>\n<p>La pleine conscience, la gratitude, le pardon, l&rsquo;optimisme et la recherche du sens de la vie, en \u00e9tudiant nos propres valeurs.<\/p>\n<p>[\/et_pb_text][\/et_pb_column][et_pb_column type=\u00a0\u00bb1_3&Prime;][\/et_pb_column][\/et_pb_row][\/et_pb_section]<\/p>\n","protected":false},"excerpt":{"rendered":"<p>[et_pb_section admin_label=\u00a0\u00bbSection\u00a0\u00bb fullwidth=\u00a0\u00bboff\u00a0\u00bb specialty=\u00a0\u00bboff\u00a0\u00bb][et_pb_row admin_label=\u00a0\u00bbLigne\u00a0\u00bb][et_pb_column type=\u00a0\u00bb4_4&Prime;][et_pb_text admin_label=\u00a0\u00bbTexte\u00a0\u00bb background_layout=\u00a0\u00bblight\u00a0\u00bb text_orientation=\u00a0\u00bbleft\u00a0\u00bb use_border_color=\u00a0\u00bboff\u00a0\u00bb border_color=\u00a0\u00bb#ffffff\u00a0\u00bb border_style=\u00a0\u00bbsolid\u00a0\u00bb header_font_size_last_edited=\u00a0\u00bbon|phone\u00a0\u00bb header_font_size_phone=\u00a0\u00bb22px\u00a0\u00bb] PSYCHOLOGIE POSITIVE [\/et_pb_text][et_pb_divider admin_label=\u00a0\u00bbS\u00e9parateur\u00a0\u00bb color=\u00a0\u00bb#000000&Prime; show_divider=\u00a0\u00bbon\u00a0\u00bb divider_style=\u00a0\u00bbsolid\u00a0\u00bb divider_position=\u00a0\u00bbtop\u00a0\u00bb hide_on_mobile=\u00a0\u00bbon\u00a0\u00bb disabled=\u00a0\u00bboff\u00a0\u00bb disabled_on=\u00a0\u00bbon|on|\u00a0\u00bb] [\/et_pb_divider][et_pb_text admin_label=\u00a0\u00bbtrait iph\u00a0\u00bb background_layout=\u00a0\u00bblight\u00a0\u00bb text_orientation=\u00a0\u00bbleft\u00a0\u00bb use_border_color=\u00a0\u00bboff\u00a0\u00bb border_color=\u00a0\u00bb#ffffff\u00a0\u00bb border_style=\u00a0\u00bbsolid\u00a0\u00bb disabled=\u00a0\u00bboff\u00a0\u00bb disabled_on=\u00a0\u00bb||on\u00a0\u00bb] &nbsp; [\/et_pb_text][\/et_pb_column][\/et_pb_row][\/et_pb_section][et_pb_section admin_label=\u00a0\u00bbSection\u00a0\u00bb fullwidth=\u00a0\u00bboff\u00a0\u00bb specialty=\u00a0\u00bboff\u00a0\u00bb][et_pb_row admin_label=\u00a0\u00bbLigne\u00a0\u00bb make_fullwidth=\u00a0\u00bboff\u00a0\u00bb use_custom_width=\u00a0\u00bboff\u00a0\u00bb width_unit=\u00a0\u00bbon\u00a0\u00bb use_custom_gutter=\u00a0\u00bboff\u00a0\u00bb padding_mobile=\u00a0\u00bboff\u00a0\u00bb custom_margin=\u00a0\u00bb-100px|||\u00a0\u00bb allow_player_pause=\u00a0\u00bboff\u00a0\u00bb parallax=\u00a0\u00bboff\u00a0\u00bb parallax_method=\u00a0\u00bboff\u00a0\u00bb make_equal=\u00a0\u00bboff\u00a0\u00bb parallax_1=\u00a0\u00bboff\u00a0\u00bb parallax_method_1=\u00a0\u00bboff\u00a0\u00bb parallax_2=\u00a0\u00bboff\u00a0\u00bb parallax_method_2=\u00a0\u00bboff\u00a0\u00bb [&hellip;]<\/p>\n","protected":false},"author":1,"featured_media":0,"parent":0,"menu_order":0,"comment_status":"closed","ping_status":"closed","template":"","meta":{"_et_pb_use_builder":"on","_et_pb_old_content":"","_et_gb_content_width":""},"yoast_head":"<!-- This site is optimized with the Yoast SEO plugin v16.7 - https:\/\/yoast.com\/wordpress\/plugins\/seo\/ -->\n<title>PSYCHOLOGIE POSITIVE - CPPA<\/title>\n<meta name=\"robots\" content=\"index, follow, max-snippet:-1, max-image-preview:large, max-video-preview:-1\" \/>\n<link rel=\"canonical\" href=\"https:\/\/bluehouse.fr\/JB6\/cppa\/psychologie-positive\/\" \/>\n<meta property=\"og:locale\" content=\"fr_FR\" \/>\n<meta property=\"og:type\" content=\"article\" \/>\n<meta property=\"og:title\" content=\"PSYCHOLOGIE POSITIVE - CPPA\" \/>\n<meta property=\"og:description\" content=\"[et_pb_section admin_label=\u00a0\u00bbSection\u00a0\u00bb fullwidth=\u00a0\u00bboff\u00a0\u00bb specialty=\u00a0\u00bboff\u00a0\u00bb][et_pb_row admin_label=\u00a0\u00bbLigne\u00a0\u00bb][et_pb_column type=\u00a0\u00bb4_4&Prime;][et_pb_text admin_label=\u00a0\u00bbTexte\u00a0\u00bb background_layout=\u00a0\u00bblight\u00a0\u00bb text_orientation=\u00a0\u00bbleft\u00a0\u00bb use_border_color=\u00a0\u00bboff\u00a0\u00bb border_color=\u00a0\u00bb#ffffff\u00a0\u00bb border_style=\u00a0\u00bbsolid\u00a0\u00bb header_font_size_last_edited=\u00a0\u00bbon|phone\u00a0\u00bb header_font_size_phone=\u00a0\u00bb22px\u00a0\u00bb] PSYCHOLOGIE POSITIVE [\/et_pb_text][et_pb_divider admin_label=\u00a0\u00bbS\u00e9parateur\u00a0\u00bb color=\u00a0\u00bb#000000&Prime; show_divider=\u00a0\u00bbon\u00a0\u00bb divider_style=\u00a0\u00bbsolid\u00a0\u00bb divider_position=\u00a0\u00bbtop\u00a0\u00bb hide_on_mobile=\u00a0\u00bbon\u00a0\u00bb disabled=\u00a0\u00bboff\u00a0\u00bb disabled_on=\u00a0\u00bbon|on|\u00a0\u00bb] [\/et_pb_divider][et_pb_text admin_label=\u00a0\u00bbtrait iph\u00a0\u00bb background_layout=\u00a0\u00bblight\u00a0\u00bb text_orientation=\u00a0\u00bbleft\u00a0\u00bb use_border_color=\u00a0\u00bboff\u00a0\u00bb border_color=\u00a0\u00bb#ffffff\u00a0\u00bb border_style=\u00a0\u00bbsolid\u00a0\u00bb disabled=\u00a0\u00bboff\u00a0\u00bb disabled_on=\u00a0\u00bb||on\u00a0\u00bb] &nbsp; [\/et_pb_text][\/et_pb_column][\/et_pb_row][\/et_pb_section][et_pb_section admin_label=\u00a0\u00bbSection\u00a0\u00bb fullwidth=\u00a0\u00bboff\u00a0\u00bb specialty=\u00a0\u00bboff\u00a0\u00bb][et_pb_row admin_label=\u00a0\u00bbLigne\u00a0\u00bb make_fullwidth=\u00a0\u00bboff\u00a0\u00bb use_custom_width=\u00a0\u00bboff\u00a0\u00bb width_unit=\u00a0\u00bbon\u00a0\u00bb use_custom_gutter=\u00a0\u00bboff\u00a0\u00bb padding_mobile=\u00a0\u00bboff\u00a0\u00bb custom_margin=\u00a0\u00bb-100px|||\u00a0\u00bb allow_player_pause=\u00a0\u00bboff\u00a0\u00bb parallax=\u00a0\u00bboff\u00a0\u00bb parallax_method=\u00a0\u00bboff\u00a0\u00bb make_equal=\u00a0\u00bboff\u00a0\u00bb parallax_1=\u00a0\u00bboff\u00a0\u00bb parallax_method_1=\u00a0\u00bboff\u00a0\u00bb parallax_2=\u00a0\u00bboff\u00a0\u00bb parallax_method_2=\u00a0\u00bboff\u00a0\u00bb [&hellip;]\" \/>\n<meta property=\"og:url\" content=\"https:\/\/bluehouse.fr\/JB6\/cppa\/psychologie-positive\/\" \/>\n<meta property=\"og:site_name\" content=\"CPPA\" \/>\n<meta name=\"twitter:card\" content=\"summary_large_image\" \/>\n<meta name=\"twitter:label1\" content=\"Dur\u00e9e de lecture est.\" \/>\n\t<meta name=\"twitter:data1\" content=\"2 minutes\" \/>\n<script type=\"application\/ld+json\" class=\"yoast-schema-graph\">{\"@context\":\"https:\/\/schema.org\",\"@graph\":[{\"@type\":[\"Person\",\"Organization\"],\"@id\":\"https:\/\/bluehouse.fr\/JB6\/cppa\/#\/schema\/person\/607770ed87f05881fea0f5e42c6206a1\",\"name\":\"admin\",\"image\":{\"@type\":\"ImageObject\",\"@id\":\"https:\/\/bluehouse.fr\/JB6\/cppa\/#personlogo\",\"inLanguage\":\"fr-FR\",\"url\":\"https:\/\/secure.gravatar.com\/avatar\/796bd438ad276a339a764602154ed312?s=96&d=mm&r=g\",\"contentUrl\":\"https:\/\/secure.gravatar.com\/avatar\/796bd438ad276a339a764602154ed312?s=96&d=mm&r=g\",\"caption\":\"admin\"},\"logo\":{\"@id\":\"https:\/\/bluehouse.fr\/JB6\/cppa\/#personlogo\"}},{\"@type\":\"WebSite\",\"@id\":\"https:\/\/bluehouse.fr\/JB6\/cppa\/#website\",\"url\":\"https:\/\/bluehouse.fr\/JB6\/cppa\/\",\"name\":\"CPPA\",\"description\":\"PSYCHOLOGIE POSITIVE\",\"publisher\":{\"@id\":\"https:\/\/bluehouse.fr\/JB6\/cppa\/#\/schema\/person\/607770ed87f05881fea0f5e42c6206a1\"},\"potentialAction\":[{\"@type\":\"SearchAction\",\"target\":{\"@type\":\"EntryPoint\",\"urlTemplate\":\"https:\/\/bluehouse.fr\/JB6\/cppa\/?s={search_term_string}\"},\"query-input\":\"required name=search_term_string\"}],\"inLanguage\":\"fr-FR\"},{\"@type\":\"WebPage\",\"@id\":\"https:\/\/bluehouse.fr\/JB6\/cppa\/psychologie-positive\/#webpage\",\"url\":\"https:\/\/bluehouse.fr\/JB6\/cppa\/psychologie-positive\/\",\"name\":\"PSYCHOLOGIE POSITIVE - CPPA\",\"isPartOf\":{\"@id\":\"https:\/\/bluehouse.fr\/JB6\/cppa\/#website\"},\"datePublished\":\"2019-07-03T15:22:48+00:00\",\"dateModified\":\"2019-07-03T15:22:48+00:00\",\"breadcrumb\":{\"@id\":\"https:\/\/bluehouse.fr\/JB6\/cppa\/psychologie-positive\/#breadcrumb\"},\"inLanguage\":\"fr-FR\",\"potentialAction\":[{\"@type\":\"ReadAction\",\"target\":[\"https:\/\/bluehouse.fr\/JB6\/cppa\/psychologie-positive\/\"]}]},{\"@type\":\"BreadcrumbList\",\"@id\":\"https:\/\/bluehouse.fr\/JB6\/cppa\/psychologie-positive\/#breadcrumb\",\"itemListElement\":[{\"@type\":\"ListItem\",\"position\":1,\"name\":\"Accueil\",\"item\":\"https:\/\/bluehouse.fr\/JB6\/cppa\/\"},{\"@type\":\"ListItem\",\"position\":2,\"name\":\"PSYCHOLOGIE POSITIVE\"}]}]}<\/script>\n<!-- \/ Yoast SEO plugin. -->","yoast_head_json":{"title":"PSYCHOLOGIE POSITIVE - CPPA","robots":{"index":"index","follow":"follow","max-snippet":"max-snippet:-1","max-image-preview":"max-image-preview:large","max-video-preview":"max-video-preview:-1"},"canonical":"https:\/\/bluehouse.fr\/JB6\/cppa\/psychologie-positive\/","og_locale":"fr_FR","og_type":"article","og_title":"PSYCHOLOGIE POSITIVE - CPPA","og_description":"[et_pb_section admin_label=\u00a0\u00bbSection\u00a0\u00bb fullwidth=\u00a0\u00bboff\u00a0\u00bb specialty=\u00a0\u00bboff\u00a0\u00bb][et_pb_row admin_label=\u00a0\u00bbLigne\u00a0\u00bb][et_pb_column type=\u00a0\u00bb4_4&Prime;][et_pb_text admin_label=\u00a0\u00bbTexte\u00a0\u00bb background_layout=\u00a0\u00bblight\u00a0\u00bb text_orientation=\u00a0\u00bbleft\u00a0\u00bb use_border_color=\u00a0\u00bboff\u00a0\u00bb border_color=\u00a0\u00bb#ffffff\u00a0\u00bb border_style=\u00a0\u00bbsolid\u00a0\u00bb header_font_size_last_edited=\u00a0\u00bbon|phone\u00a0\u00bb header_font_size_phone=\u00a0\u00bb22px\u00a0\u00bb] PSYCHOLOGIE POSITIVE [\/et_pb_text][et_pb_divider admin_label=\u00a0\u00bbS\u00e9parateur\u00a0\u00bb color=\u00a0\u00bb#000000&Prime; show_divider=\u00a0\u00bbon\u00a0\u00bb divider_style=\u00a0\u00bbsolid\u00a0\u00bb divider_position=\u00a0\u00bbtop\u00a0\u00bb hide_on_mobile=\u00a0\u00bbon\u00a0\u00bb disabled=\u00a0\u00bboff\u00a0\u00bb disabled_on=\u00a0\u00bbon|on|\u00a0\u00bb] [\/et_pb_divider][et_pb_text admin_label=\u00a0\u00bbtrait iph\u00a0\u00bb background_layout=\u00a0\u00bblight\u00a0\u00bb text_orientation=\u00a0\u00bbleft\u00a0\u00bb use_border_color=\u00a0\u00bboff\u00a0\u00bb border_color=\u00a0\u00bb#ffffff\u00a0\u00bb border_style=\u00a0\u00bbsolid\u00a0\u00bb disabled=\u00a0\u00bboff\u00a0\u00bb disabled_on=\u00a0\u00bb||on\u00a0\u00bb] &nbsp; [\/et_pb_text][\/et_pb_column][\/et_pb_row][\/et_pb_section][et_pb_section admin_label=\u00a0\u00bbSection\u00a0\u00bb fullwidth=\u00a0\u00bboff\u00a0\u00bb specialty=\u00a0\u00bboff\u00a0\u00bb][et_pb_row admin_label=\u00a0\u00bbLigne\u00a0\u00bb make_fullwidth=\u00a0\u00bboff\u00a0\u00bb use_custom_width=\u00a0\u00bboff\u00a0\u00bb width_unit=\u00a0\u00bbon\u00a0\u00bb use_custom_gutter=\u00a0\u00bboff\u00a0\u00bb padding_mobile=\u00a0\u00bboff\u00a0\u00bb custom_margin=\u00a0\u00bb-100px|||\u00a0\u00bb allow_player_pause=\u00a0\u00bboff\u00a0\u00bb parallax=\u00a0\u00bboff\u00a0\u00bb parallax_method=\u00a0\u00bboff\u00a0\u00bb make_equal=\u00a0\u00bboff\u00a0\u00bb parallax_1=\u00a0\u00bboff\u00a0\u00bb parallax_method_1=\u00a0\u00bboff\u00a0\u00bb parallax_2=\u00a0\u00bboff\u00a0\u00bb parallax_method_2=\u00a0\u00bboff\u00a0\u00bb [&hellip;]","og_url":"https:\/\/bluehouse.fr\/JB6\/cppa\/psychologie-positive\/","og_site_name":"CPPA","twitter_card":"summary_large_image","twitter_misc":{"Dur\u00e9e de lecture est.":"2 minutes"},"schema":{"@context":"https:\/\/schema.org","@graph":[{"@type":["Person","Organization"],"@id":"https:\/\/bluehouse.fr\/JB6\/cppa\/#\/schema\/person\/607770ed87f05881fea0f5e42c6206a1","name":"admin","image":{"@type":"ImageObject","@id":"https:\/\/bluehouse.fr\/JB6\/cppa\/#personlogo","inLanguage":"fr-FR","url":"https:\/\/secure.gravatar.com\/avatar\/796bd438ad276a339a764602154ed312?s=96&d=mm&r=g","contentUrl":"https:\/\/secure.gravatar.com\/avatar\/796bd438ad276a339a764602154ed312?s=96&d=mm&r=g","caption":"admin"},"logo":{"@id":"https:\/\/bluehouse.fr\/JB6\/cppa\/#personlogo"}},{"@type":"WebSite","@id":"https:\/\/bluehouse.fr\/JB6\/cppa\/#website","url":"https:\/\/bluehouse.fr\/JB6\/cppa\/","name":"CPPA","description":"PSYCHOLOGIE POSITIVE","publisher":{"@id":"https:\/\/bluehouse.fr\/JB6\/cppa\/#\/schema\/person\/607770ed87f05881fea0f5e42c6206a1"},"potentialAction":[{"@type":"SearchAction","target":{"@type":"EntryPoint","urlTemplate":"https:\/\/bluehouse.fr\/JB6\/cppa\/?s={search_term_string}"},"query-input":"required name=search_term_string"}],"inLanguage":"fr-FR"},{"@type":"WebPage","@id":"https:\/\/bluehouse.fr\/JB6\/cppa\/psychologie-positive\/#webpage","url":"https:\/\/bluehouse.fr\/JB6\/cppa\/psychologie-positive\/","name":"PSYCHOLOGIE POSITIVE - CPPA","isPartOf":{"@id":"https:\/\/bluehouse.fr\/JB6\/cppa\/#website"},"datePublished":"2019-07-03T15:22:48+00:00","dateModified":"2019-07-03T15:22:48+00:00","breadcrumb":{"@id":"https:\/\/bluehouse.fr\/JB6\/cppa\/psychologie-positive\/#breadcrumb"},"inLanguage":"fr-FR","potentialAction":[{"@type":"ReadAction","target":["https:\/\/bluehouse.fr\/JB6\/cppa\/psychologie-positive\/"]}]},{"@type":"BreadcrumbList","@id":"https:\/\/bluehouse.fr\/JB6\/cppa\/psychologie-positive\/#breadcrumb","itemListElement":[{"@type":"ListItem","position":1,"name":"Accueil","item":"https:\/\/bluehouse.fr\/JB6\/cppa\/"},{"@type":"ListItem","position":2,"name":"PSYCHOLOGIE POSITIVE"}]}]}},"_links":{"self":[{"href":"https:\/\/bluehouse.fr\/JB6\/cppa\/wp-json\/wp\/v2\/pages\/33"}],"collection":[{"href":"https:\/\/bluehouse.fr\/JB6\/cppa\/wp-json\/wp\/v2\/pages"}],"about":[{"href":"https:\/\/bluehouse.fr\/JB6\/cppa\/wp-json\/wp\/v2\/types\/page"}],"author":[{"embeddable":true,"href":"https:\/\/bluehouse.fr\/JB6\/cppa\/wp-json\/wp\/v2\/users\/1"}],"replies":[{"embeddable":true,"href":"https:\/\/bluehouse.fr\/JB6\/cppa\/wp-json\/wp\/v2\/comments?post=33"}],"version-history":[{"count":0,"href":"https:\/\/bluehouse.fr\/JB6\/cppa\/wp-json\/wp\/v2\/pages\/33\/revisions"}],"wp:attachment":[{"href":"https:\/\/bluehouse.fr\/JB6\/cppa\/wp-json\/wp\/v2\/media?parent=33"}],"curies":[{"name":"wp","href":"https:\/\/api.w.org\/{rel}","templated":true}]}}