{"id":30,"date":"2019-07-03T17:20:26","date_gmt":"2019-07-03T15:20:26","guid":{"rendered":"http:\/\/bluehouse.fr\/JB6\/cppa\/?page_id=30"},"modified":"2019-07-03T17:20:26","modified_gmt":"2019-07-03T15:20:26","slug":"emdr","status":"publish","type":"page","link":"https:\/\/bluehouse.fr\/JB6\/cppa\/emdr\/","title":{"rendered":"EMDR"},"content":{"rendered":"<p>[et_pb_section admin_label=\u00a0\u00bbSection\u00a0\u00bb fullwidth=\u00a0\u00bboff\u00a0\u00bb specialty=\u00a0\u00bboff\u00a0\u00bb][et_pb_row admin_label=\u00a0\u00bbLigne\u00a0\u00bb][et_pb_column type=\u00a0\u00bb4_4&Prime;][et_pb_text admin_label=\u00a0\u00bbTexte\u00a0\u00bb background_layout=\u00a0\u00bblight\u00a0\u00bb text_orientation=\u00a0\u00bbleft\u00a0\u00bb use_border_color=\u00a0\u00bboff\u00a0\u00bb border_color=\u00a0\u00bb#ffffff\u00a0\u00bb border_style=\u00a0\u00bbsolid\u00a0\u00bb]<\/p>\n<h1>EMDR<\/h1>\n<p>[\/et_pb_text][et_pb_divider admin_label=\u00a0\u00bbS\u00e9parateur\u00a0\u00bb color=\u00a0\u00bb#000000&Prime; show_divider=\u00a0\u00bbon\u00a0\u00bb divider_style=\u00a0\u00bbsolid\u00a0\u00bb divider_position=\u00a0\u00bbtop\u00a0\u00bb hide_on_mobile=\u00a0\u00bbon\u00a0\u00bb disabled=\u00a0\u00bboff\u00a0\u00bb disabled_on=\u00a0\u00bbon|on|\u00a0\u00bb]<\/p>\n<p>[\/et_pb_divider][et_pb_text admin_label=\u00a0\u00bbtrait iph\u00a0\u00bb background_layout=\u00a0\u00bblight\u00a0\u00bb text_orientation=\u00a0\u00bbleft\u00a0\u00bb use_border_color=\u00a0\u00bboff\u00a0\u00bb border_color=\u00a0\u00bb#ffffff\u00a0\u00bb border_style=\u00a0\u00bbsolid\u00a0\u00bb disabled=\u00a0\u00bboff\u00a0\u00bb disabled_on=\u00a0\u00bb||on\u00a0\u00bb]<\/p>\n<hr \/>\n<p>&nbsp;<\/p>\n<p>[\/et_pb_text][\/et_pb_column][\/et_pb_row][\/et_pb_section][et_pb_section admin_label=\u00a0\u00bbSection\u00a0\u00bb fullwidth=\u00a0\u00bboff\u00a0\u00bb specialty=\u00a0\u00bboff\u00a0\u00bb transparent_background=\u00a0\u00bboff\u00a0\u00bb allow_player_pause=\u00a0\u00bboff\u00a0\u00bb inner_shadow=\u00a0\u00bboff\u00a0\u00bb parallax=\u00a0\u00bboff\u00a0\u00bb parallax_method=\u00a0\u00bboff\u00a0\u00bb padding_mobile=\u00a0\u00bboff\u00a0\u00bb make_fullwidth=\u00a0\u00bboff\u00a0\u00bb use_custom_width=\u00a0\u00bboff\u00a0\u00bb width_unit=\u00a0\u00bbon\u00a0\u00bb make_equal=\u00a0\u00bboff\u00a0\u00bb use_custom_gutter=\u00a0\u00bboff\u00a0\u00bb][et_pb_row admin_label=\u00a0\u00bbLigne\u00a0\u00bb make_fullwidth=\u00a0\u00bboff\u00a0\u00bb use_custom_width=\u00a0\u00bboff\u00a0\u00bb width_unit=\u00a0\u00bbon\u00a0\u00bb use_custom_gutter=\u00a0\u00bboff\u00a0\u00bb padding_mobile=\u00a0\u00bboff\u00a0\u00bb allow_player_pause=\u00a0\u00bboff\u00a0\u00bb parallax=\u00a0\u00bboff\u00a0\u00bb parallax_method=\u00a0\u00bboff\u00a0\u00bb make_equal=\u00a0\u00bboff\u00a0\u00bb parallax_1=\u00a0\u00bboff\u00a0\u00bb parallax_method_1=\u00a0\u00bboff\u00a0\u00bb parallax_2=\u00a0\u00bboff\u00a0\u00bb parallax_method_2=\u00a0\u00bboff\u00a0\u00bb column_padding_mobile=\u00a0\u00bbon\u00a0\u00bb custom_margin=\u00a0\u00bb-140px|||\u00a0\u00bb][et_pb_column type=\u00a0\u00bb2_3&Prime;][et_pb_text admin_label=\u00a0\u00bbTexte\u00a0\u00bb background_layout=\u00a0\u00bblight\u00a0\u00bb text_orientation=\u00a0\u00bbleft\u00a0\u00bb use_border_color=\u00a0\u00bboff\u00a0\u00bb border_color=\u00a0\u00bb#ffffff\u00a0\u00bb border_style=\u00a0\u00bbsolid\u00a0\u00bb]<\/p>\n<h4><strong>Qu\u2019est-ce que l\u2019EMDR ?<\/strong><\/h4>\n<p><span style=\"color: #2174a5;\">EMDR<\/span> signifie \u00ab <span style=\"color: #2174a5;\">Eye movement desentization and reprocessing<\/span> \u00bb, c\u2019est-\u00e0-dire reprogrammation et d\u00e9sensibilisation par les mouvements oculaires.<\/p>\n<p>Il s\u2019agit d\u2019une approche permettant de diminuer la d\u00e9tresse associ\u00e9e \u00e0 des souvenirs perturbateurs, de \u00abdig\u00e9rer\u00bb de vieux souvenirs ou traumas ayant encore un impact au moment pr\u00e9sent.<\/p>\n<p>L\u2019<span style=\"color: #2174a5;\">EMDR<\/span> a \u00e9t\u00e9 d\u00e9velopp\u00e9 en 1987 par la Dre Francine Shapiro, psychologue am\u00e9ricaine, qui a d\u00e9couvert l\u2019effet positif des <span style=\"color: #2174a5;\">mouvements oculaires<\/span> (regarder de gauche \u00e0 droite) en combinaison avec le traitement des souvenirs.<\/p>\n<p>En temps normal, le cerveau arrive \u00e0 dig\u00e9rer les \u00e9v\u00e9nements v\u00e9cus. Or, il advient que certains \u00e9v\u00e9nements ne soient pas suffisamment bien trait\u00e9s par le cerveau. L\u2019objectif de <span style=\"color: #2174a5;\">l\u2019EMDR<\/span> est donc d\u2019aider le cerveau \u00e0 reprendre son travail, c\u2019est-\u00e0-dire dig\u00e9rer le souvenir et int\u00e9grer de l\u2019information adaptative, afin de se lib\u00e9rer de la charge \u00e9motionnelle qui n\u2019est plus adapt\u00e9e au moment pr\u00e9sent.<\/p>\n<p>L\u2019<span style=\"color: #2174a5;\">EMDR<\/span> est une psychoth\u00e9rapie particuli\u00e8rement efficace. Elle est la seule, avec les <span style=\"color: #2174a5;\">th\u00e9rapies comportementales et cognitives<\/span>, dont l\u2019usage est officiellement recommand\u00e9 pour le traitement de l\u2019\u00e9tat de stress post traumatique par la Haute Autorit\u00e9 de la Sant\u00e9 (HAS, juin 2007) et l\u2019Organisation Mondiale de la Sant\u00e9 (OMS, juin 2014).<\/p>\n<p>&nbsp;<\/p>\n<h4><strong>A qui s\u2019adresse l\u2019EMDR ?<\/strong><\/h4>\n<p>Aux enfants, ados et adultes qui souffrent de traumatismes (agressions physiques et morales, accidents, carences affectives, catastrophes naturelles, guerres, etc.) ou d\u2019\u00e9v\u00e9nements p\u00e9nibles (deuil, s\u00e9paration, licenciement professionnel, difficult\u00e9s professionnelles, etc.), de d\u00e9pression, d\u2019addictions (toxicomanie, alcoolisme), de troubles du comportement alimentaire (anorexie, boulimie), d\u2019attaques de panique, de phobies, de TOC (troubles obsessionnels compulsifs), de troubles psychosomatiques, etc.<\/p>\n<p>&nbsp;<\/p>\n<h4><strong>Quelles sont les contre-indications de l\u2019EMDR ?<\/strong><\/h4>\n<p>Les troubles graves de la personnalit\u00e9 comme les psychoses sont consid\u00e9r\u00e9s par la majorit\u00e9 des th\u00e9rapeutes comme une contre-indication ainsi que les \u00e9tats suicidaires et les troubles cardiaques r\u00e9cents.<\/p>\n<p>Quels sont les avantages de l\u2019<span style=\"color: #2174a5;\">EMDR<\/span> par rapport \u00e0 d\u2019autres m\u00e9thodes th\u00e9rapeutiques ?<\/p>\n<p>L\u2019avantage de l\u2019<span style=\"color: #2174a5;\">EMDR<\/span> r\u00e9side dans la rapidit\u00e9 et l\u2019efficacit\u00e9 du traitement. De plus, les r\u00e9sultats obtenus par l\u2019<span style=\"color: #2174a5;\">EMDR<\/span> sont constants et durables.<\/p>\n<p>[\/et_pb_text][\/et_pb_column][et_pb_column type=\u00a0\u00bb1_3&Prime;][\/et_pb_column][\/et_pb_row][\/et_pb_section]<\/p>\n","protected":false},"excerpt":{"rendered":"<p>[et_pb_section admin_label=\u00a0\u00bbSection\u00a0\u00bb fullwidth=\u00a0\u00bboff\u00a0\u00bb specialty=\u00a0\u00bboff\u00a0\u00bb][et_pb_row admin_label=\u00a0\u00bbLigne\u00a0\u00bb][et_pb_column type=\u00a0\u00bb4_4&Prime;][et_pb_text admin_label=\u00a0\u00bbTexte\u00a0\u00bb background_layout=\u00a0\u00bblight\u00a0\u00bb text_orientation=\u00a0\u00bbleft\u00a0\u00bb use_border_color=\u00a0\u00bboff\u00a0\u00bb border_color=\u00a0\u00bb#ffffff\u00a0\u00bb border_style=\u00a0\u00bbsolid\u00a0\u00bb] EMDR [\/et_pb_text][et_pb_divider admin_label=\u00a0\u00bbS\u00e9parateur\u00a0\u00bb color=\u00a0\u00bb#000000&Prime; show_divider=\u00a0\u00bbon\u00a0\u00bb divider_style=\u00a0\u00bbsolid\u00a0\u00bb divider_position=\u00a0\u00bbtop\u00a0\u00bb hide_on_mobile=\u00a0\u00bbon\u00a0\u00bb disabled=\u00a0\u00bboff\u00a0\u00bb disabled_on=\u00a0\u00bbon|on|\u00a0\u00bb] [\/et_pb_divider][et_pb_text admin_label=\u00a0\u00bbtrait iph\u00a0\u00bb background_layout=\u00a0\u00bblight\u00a0\u00bb text_orientation=\u00a0\u00bbleft\u00a0\u00bb use_border_color=\u00a0\u00bboff\u00a0\u00bb border_color=\u00a0\u00bb#ffffff\u00a0\u00bb border_style=\u00a0\u00bbsolid\u00a0\u00bb disabled=\u00a0\u00bboff\u00a0\u00bb disabled_on=\u00a0\u00bb||on\u00a0\u00bb] &nbsp; [\/et_pb_text][\/et_pb_column][\/et_pb_row][\/et_pb_section][et_pb_section admin_label=\u00a0\u00bbSection\u00a0\u00bb fullwidth=\u00a0\u00bboff\u00a0\u00bb specialty=\u00a0\u00bboff\u00a0\u00bb transparent_background=\u00a0\u00bboff\u00a0\u00bb allow_player_pause=\u00a0\u00bboff\u00a0\u00bb inner_shadow=\u00a0\u00bboff\u00a0\u00bb parallax=\u00a0\u00bboff\u00a0\u00bb parallax_method=\u00a0\u00bboff\u00a0\u00bb padding_mobile=\u00a0\u00bboff\u00a0\u00bb make_fullwidth=\u00a0\u00bboff\u00a0\u00bb use_custom_width=\u00a0\u00bboff\u00a0\u00bb width_unit=\u00a0\u00bbon\u00a0\u00bb make_equal=\u00a0\u00bboff\u00a0\u00bb use_custom_gutter=\u00a0\u00bboff\u00a0\u00bb][et_pb_row admin_label=\u00a0\u00bbLigne\u00a0\u00bb make_fullwidth=\u00a0\u00bboff\u00a0\u00bb use_custom_width=\u00a0\u00bboff\u00a0\u00bb width_unit=\u00a0\u00bbon\u00a0\u00bb use_custom_gutter=\u00a0\u00bboff\u00a0\u00bb padding_mobile=\u00a0\u00bboff\u00a0\u00bb allow_player_pause=\u00a0\u00bboff\u00a0\u00bb [&hellip;]<\/p>\n","protected":false},"author":1,"featured_media":0,"parent":0,"menu_order":0,"comment_status":"closed","ping_status":"closed","template":"","meta":{"_et_pb_use_builder":"on","_et_pb_old_content":"","_et_gb_content_width":""},"yoast_head":"<!-- This site is optimized with the Yoast SEO plugin v16.7 - https:\/\/yoast.com\/wordpress\/plugins\/seo\/ -->\n<title>EMDR - CPPA<\/title>\n<meta name=\"robots\" content=\"index, follow, max-snippet:-1, max-image-preview:large, max-video-preview:-1\" \/>\n<link rel=\"canonical\" href=\"https:\/\/bluehouse.fr\/JB6\/cppa\/emdr\/\" \/>\n<meta property=\"og:locale\" content=\"fr_FR\" \/>\n<meta property=\"og:type\" content=\"article\" \/>\n<meta property=\"og:title\" content=\"EMDR - CPPA\" \/>\n<meta property=\"og:description\" content=\"[et_pb_section admin_label=\u00a0\u00bbSection\u00a0\u00bb fullwidth=\u00a0\u00bboff\u00a0\u00bb specialty=\u00a0\u00bboff\u00a0\u00bb][et_pb_row admin_label=\u00a0\u00bbLigne\u00a0\u00bb][et_pb_column type=\u00a0\u00bb4_4&Prime;][et_pb_text admin_label=\u00a0\u00bbTexte\u00a0\u00bb background_layout=\u00a0\u00bblight\u00a0\u00bb text_orientation=\u00a0\u00bbleft\u00a0\u00bb use_border_color=\u00a0\u00bboff\u00a0\u00bb border_color=\u00a0\u00bb#ffffff\u00a0\u00bb border_style=\u00a0\u00bbsolid\u00a0\u00bb] EMDR [\/et_pb_text][et_pb_divider admin_label=\u00a0\u00bbS\u00e9parateur\u00a0\u00bb color=\u00a0\u00bb#000000&Prime; show_divider=\u00a0\u00bbon\u00a0\u00bb divider_style=\u00a0\u00bbsolid\u00a0\u00bb divider_position=\u00a0\u00bbtop\u00a0\u00bb hide_on_mobile=\u00a0\u00bbon\u00a0\u00bb disabled=\u00a0\u00bboff\u00a0\u00bb disabled_on=\u00a0\u00bbon|on|\u00a0\u00bb] [\/et_pb_divider][et_pb_text admin_label=\u00a0\u00bbtrait iph\u00a0\u00bb background_layout=\u00a0\u00bblight\u00a0\u00bb text_orientation=\u00a0\u00bbleft\u00a0\u00bb use_border_color=\u00a0\u00bboff\u00a0\u00bb border_color=\u00a0\u00bb#ffffff\u00a0\u00bb border_style=\u00a0\u00bbsolid\u00a0\u00bb disabled=\u00a0\u00bboff\u00a0\u00bb disabled_on=\u00a0\u00bb||on\u00a0\u00bb] &nbsp; [\/et_pb_text][\/et_pb_column][\/et_pb_row][\/et_pb_section][et_pb_section admin_label=\u00a0\u00bbSection\u00a0\u00bb fullwidth=\u00a0\u00bboff\u00a0\u00bb specialty=\u00a0\u00bboff\u00a0\u00bb transparent_background=\u00a0\u00bboff\u00a0\u00bb allow_player_pause=\u00a0\u00bboff\u00a0\u00bb inner_shadow=\u00a0\u00bboff\u00a0\u00bb parallax=\u00a0\u00bboff\u00a0\u00bb parallax_method=\u00a0\u00bboff\u00a0\u00bb padding_mobile=\u00a0\u00bboff\u00a0\u00bb make_fullwidth=\u00a0\u00bboff\u00a0\u00bb use_custom_width=\u00a0\u00bboff\u00a0\u00bb width_unit=\u00a0\u00bbon\u00a0\u00bb make_equal=\u00a0\u00bboff\u00a0\u00bb use_custom_gutter=\u00a0\u00bboff\u00a0\u00bb][et_pb_row admin_label=\u00a0\u00bbLigne\u00a0\u00bb make_fullwidth=\u00a0\u00bboff\u00a0\u00bb use_custom_width=\u00a0\u00bboff\u00a0\u00bb width_unit=\u00a0\u00bbon\u00a0\u00bb use_custom_gutter=\u00a0\u00bboff\u00a0\u00bb padding_mobile=\u00a0\u00bboff\u00a0\u00bb allow_player_pause=\u00a0\u00bboff\u00a0\u00bb [&hellip;]\" \/>\n<meta property=\"og:url\" content=\"https:\/\/bluehouse.fr\/JB6\/cppa\/emdr\/\" \/>\n<meta property=\"og:site_name\" content=\"CPPA\" \/>\n<meta name=\"twitter:card\" content=\"summary_large_image\" \/>\n<meta name=\"twitter:label1\" content=\"Dur\u00e9e de lecture est.\" \/>\n\t<meta name=\"twitter:data1\" content=\"3 minutes\" \/>\n<script type=\"application\/ld+json\" class=\"yoast-schema-graph\">{\"@context\":\"https:\/\/schema.org\",\"@graph\":[{\"@type\":[\"Person\",\"Organization\"],\"@id\":\"https:\/\/bluehouse.fr\/JB6\/cppa\/#\/schema\/person\/607770ed87f05881fea0f5e42c6206a1\",\"name\":\"admin\",\"image\":{\"@type\":\"ImageObject\",\"@id\":\"https:\/\/bluehouse.fr\/JB6\/cppa\/#personlogo\",\"inLanguage\":\"fr-FR\",\"url\":\"https:\/\/secure.gravatar.com\/avatar\/796bd438ad276a339a764602154ed312?s=96&d=mm&r=g\",\"contentUrl\":\"https:\/\/secure.gravatar.com\/avatar\/796bd438ad276a339a764602154ed312?s=96&d=mm&r=g\",\"caption\":\"admin\"},\"logo\":{\"@id\":\"https:\/\/bluehouse.fr\/JB6\/cppa\/#personlogo\"}},{\"@type\":\"WebSite\",\"@id\":\"https:\/\/bluehouse.fr\/JB6\/cppa\/#website\",\"url\":\"https:\/\/bluehouse.fr\/JB6\/cppa\/\",\"name\":\"CPPA\",\"description\":\"PSYCHOLOGIE POSITIVE\",\"publisher\":{\"@id\":\"https:\/\/bluehouse.fr\/JB6\/cppa\/#\/schema\/person\/607770ed87f05881fea0f5e42c6206a1\"},\"potentialAction\":[{\"@type\":\"SearchAction\",\"target\":{\"@type\":\"EntryPoint\",\"urlTemplate\":\"https:\/\/bluehouse.fr\/JB6\/cppa\/?s={search_term_string}\"},\"query-input\":\"required name=search_term_string\"}],\"inLanguage\":\"fr-FR\"},{\"@type\":\"WebPage\",\"@id\":\"https:\/\/bluehouse.fr\/JB6\/cppa\/emdr\/#webpage\",\"url\":\"https:\/\/bluehouse.fr\/JB6\/cppa\/emdr\/\",\"name\":\"EMDR - CPPA\",\"isPartOf\":{\"@id\":\"https:\/\/bluehouse.fr\/JB6\/cppa\/#website\"},\"datePublished\":\"2019-07-03T15:20:26+00:00\",\"dateModified\":\"2019-07-03T15:20:26+00:00\",\"breadcrumb\":{\"@id\":\"https:\/\/bluehouse.fr\/JB6\/cppa\/emdr\/#breadcrumb\"},\"inLanguage\":\"fr-FR\",\"potentialAction\":[{\"@type\":\"ReadAction\",\"target\":[\"https:\/\/bluehouse.fr\/JB6\/cppa\/emdr\/\"]}]},{\"@type\":\"BreadcrumbList\",\"@id\":\"https:\/\/bluehouse.fr\/JB6\/cppa\/emdr\/#breadcrumb\",\"itemListElement\":[{\"@type\":\"ListItem\",\"position\":1,\"name\":\"Accueil\",\"item\":\"https:\/\/bluehouse.fr\/JB6\/cppa\/\"},{\"@type\":\"ListItem\",\"position\":2,\"name\":\"EMDR\"}]}]}<\/script>\n<!-- \/ Yoast SEO plugin. -->","yoast_head_json":{"title":"EMDR - CPPA","robots":{"index":"index","follow":"follow","max-snippet":"max-snippet:-1","max-image-preview":"max-image-preview:large","max-video-preview":"max-video-preview:-1"},"canonical":"https:\/\/bluehouse.fr\/JB6\/cppa\/emdr\/","og_locale":"fr_FR","og_type":"article","og_title":"EMDR - CPPA","og_description":"[et_pb_section admin_label=\u00a0\u00bbSection\u00a0\u00bb fullwidth=\u00a0\u00bboff\u00a0\u00bb specialty=\u00a0\u00bboff\u00a0\u00bb][et_pb_row admin_label=\u00a0\u00bbLigne\u00a0\u00bb][et_pb_column type=\u00a0\u00bb4_4&Prime;][et_pb_text admin_label=\u00a0\u00bbTexte\u00a0\u00bb background_layout=\u00a0\u00bblight\u00a0\u00bb text_orientation=\u00a0\u00bbleft\u00a0\u00bb use_border_color=\u00a0\u00bboff\u00a0\u00bb border_color=\u00a0\u00bb#ffffff\u00a0\u00bb border_style=\u00a0\u00bbsolid\u00a0\u00bb] EMDR [\/et_pb_text][et_pb_divider admin_label=\u00a0\u00bbS\u00e9parateur\u00a0\u00bb color=\u00a0\u00bb#000000&Prime; show_divider=\u00a0\u00bbon\u00a0\u00bb divider_style=\u00a0\u00bbsolid\u00a0\u00bb divider_position=\u00a0\u00bbtop\u00a0\u00bb hide_on_mobile=\u00a0\u00bbon\u00a0\u00bb disabled=\u00a0\u00bboff\u00a0\u00bb disabled_on=\u00a0\u00bbon|on|\u00a0\u00bb] [\/et_pb_divider][et_pb_text admin_label=\u00a0\u00bbtrait iph\u00a0\u00bb background_layout=\u00a0\u00bblight\u00a0\u00bb text_orientation=\u00a0\u00bbleft\u00a0\u00bb use_border_color=\u00a0\u00bboff\u00a0\u00bb border_color=\u00a0\u00bb#ffffff\u00a0\u00bb border_style=\u00a0\u00bbsolid\u00a0\u00bb disabled=\u00a0\u00bboff\u00a0\u00bb disabled_on=\u00a0\u00bb||on\u00a0\u00bb] &nbsp; [\/et_pb_text][\/et_pb_column][\/et_pb_row][\/et_pb_section][et_pb_section admin_label=\u00a0\u00bbSection\u00a0\u00bb fullwidth=\u00a0\u00bboff\u00a0\u00bb specialty=\u00a0\u00bboff\u00a0\u00bb transparent_background=\u00a0\u00bboff\u00a0\u00bb allow_player_pause=\u00a0\u00bboff\u00a0\u00bb inner_shadow=\u00a0\u00bboff\u00a0\u00bb parallax=\u00a0\u00bboff\u00a0\u00bb parallax_method=\u00a0\u00bboff\u00a0\u00bb padding_mobile=\u00a0\u00bboff\u00a0\u00bb make_fullwidth=\u00a0\u00bboff\u00a0\u00bb use_custom_width=\u00a0\u00bboff\u00a0\u00bb width_unit=\u00a0\u00bbon\u00a0\u00bb make_equal=\u00a0\u00bboff\u00a0\u00bb use_custom_gutter=\u00a0\u00bboff\u00a0\u00bb][et_pb_row admin_label=\u00a0\u00bbLigne\u00a0\u00bb make_fullwidth=\u00a0\u00bboff\u00a0\u00bb use_custom_width=\u00a0\u00bboff\u00a0\u00bb width_unit=\u00a0\u00bbon\u00a0\u00bb use_custom_gutter=\u00a0\u00bboff\u00a0\u00bb padding_mobile=\u00a0\u00bboff\u00a0\u00bb allow_player_pause=\u00a0\u00bboff\u00a0\u00bb [&hellip;]","og_url":"https:\/\/bluehouse.fr\/JB6\/cppa\/emdr\/","og_site_name":"CPPA","twitter_card":"summary_large_image","twitter_misc":{"Dur\u00e9e de lecture est.":"3 minutes"},"schema":{"@context":"https:\/\/schema.org","@graph":[{"@type":["Person","Organization"],"@id":"https:\/\/bluehouse.fr\/JB6\/cppa\/#\/schema\/person\/607770ed87f05881fea0f5e42c6206a1","name":"admin","image":{"@type":"ImageObject","@id":"https:\/\/bluehouse.fr\/JB6\/cppa\/#personlogo","inLanguage":"fr-FR","url":"https:\/\/secure.gravatar.com\/avatar\/796bd438ad276a339a764602154ed312?s=96&d=mm&r=g","contentUrl":"https:\/\/secure.gravatar.com\/avatar\/796bd438ad276a339a764602154ed312?s=96&d=mm&r=g","caption":"admin"},"logo":{"@id":"https:\/\/bluehouse.fr\/JB6\/cppa\/#personlogo"}},{"@type":"WebSite","@id":"https:\/\/bluehouse.fr\/JB6\/cppa\/#website","url":"https:\/\/bluehouse.fr\/JB6\/cppa\/","name":"CPPA","description":"PSYCHOLOGIE POSITIVE","publisher":{"@id":"https:\/\/bluehouse.fr\/JB6\/cppa\/#\/schema\/person\/607770ed87f05881fea0f5e42c6206a1"},"potentialAction":[{"@type":"SearchAction","target":{"@type":"EntryPoint","urlTemplate":"https:\/\/bluehouse.fr\/JB6\/cppa\/?s={search_term_string}"},"query-input":"required name=search_term_string"}],"inLanguage":"fr-FR"},{"@type":"WebPage","@id":"https:\/\/bluehouse.fr\/JB6\/cppa\/emdr\/#webpage","url":"https:\/\/bluehouse.fr\/JB6\/cppa\/emdr\/","name":"EMDR - CPPA","isPartOf":{"@id":"https:\/\/bluehouse.fr\/JB6\/cppa\/#website"},"datePublished":"2019-07-03T15:20:26+00:00","dateModified":"2019-07-03T15:20:26+00:00","breadcrumb":{"@id":"https:\/\/bluehouse.fr\/JB6\/cppa\/emdr\/#breadcrumb"},"inLanguage":"fr-FR","potentialAction":[{"@type":"ReadAction","target":["https:\/\/bluehouse.fr\/JB6\/cppa\/emdr\/"]}]},{"@type":"BreadcrumbList","@id":"https:\/\/bluehouse.fr\/JB6\/cppa\/emdr\/#breadcrumb","itemListElement":[{"@type":"ListItem","position":1,"name":"Accueil","item":"https:\/\/bluehouse.fr\/JB6\/cppa\/"},{"@type":"ListItem","position":2,"name":"EMDR"}]}]}},"_links":{"self":[{"href":"https:\/\/bluehouse.fr\/JB6\/cppa\/wp-json\/wp\/v2\/pages\/30"}],"collection":[{"href":"https:\/\/bluehouse.fr\/JB6\/cppa\/wp-json\/wp\/v2\/pages"}],"about":[{"href":"https:\/\/bluehouse.fr\/JB6\/cppa\/wp-json\/wp\/v2\/types\/page"}],"author":[{"embeddable":true,"href":"https:\/\/bluehouse.fr\/JB6\/cppa\/wp-json\/wp\/v2\/users\/1"}],"replies":[{"embeddable":true,"href":"https:\/\/bluehouse.fr\/JB6\/cppa\/wp-json\/wp\/v2\/comments?post=30"}],"version-history":[{"count":0,"href":"https:\/\/bluehouse.fr\/JB6\/cppa\/wp-json\/wp\/v2\/pages\/30\/revisions"}],"wp:attachment":[{"href":"https:\/\/bluehouse.fr\/JB6\/cppa\/wp-json\/wp\/v2\/media?parent=30"}],"curies":[{"name":"wp","href":"https:\/\/api.w.org\/{rel}","templated":true}]}}